{"id":34,"date":"2019-06-03T11:37:23","date_gmt":"2019-06-03T09:37:23","guid":{"rendered":"http:\/\/www.mdkcf.fr\/WordPress\/?page_id=34"},"modified":"2021-02-10T08:27:28","modified_gmt":"2021-02-10T07:27:28","slug":"contact","status":"publish","type":"page","link":"http:\/\/www.mdkcf.fr\/WordPress\/?page_id=34","title":{"rendered":"Contact"},"content":{"rendered":"\t\t<div data-elementor-type=\"wp-page\" data-elementor-id=\"34\" class=\"elementor elementor-34\">\n\t\t\t\t\t\t<section class=\"elementor-section elementor-top-section elementor-element elementor-element-944631d elementor-section-boxed elementor-section-height-default elementor-section-height-default\" data-id=\"944631d\" data-element_type=\"section\">\n\t\t\t\t\t\t<div class=\"elementor-container elementor-column-gap-default\">\n\t\t\t\t\t<div class=\"elementor-column elementor-col-100 elementor-top-column elementor-element elementor-element-e0c56c1\" data-id=\"e0c56c1\" data-element_type=\"column\">\n\t\t\t<div class=\"elementor-widget-wrap elementor-element-populated\">\n\t\t\t\t\t\t<div class=\"elementor-element elementor-element-894c73e elementor-widget elementor-widget-heading\" data-id=\"894c73e\" data-element_type=\"widget\" data-widget_type=\"heading.default\">\n\t\t\t\t<div class=\"elementor-widget-container\">\n\t\t\t\t\t<h2 class=\"elementor-heading-title elementor-size-default\"><h2 class=\"elementor-heading-title elementor-size-large elementor-inline-editing pen\" data-elementor-setting-key=\"title\" data-pen-placeholder=\"\u00c9crivez ici...\" style=\"font-family: var( --e-global-typography-primary-font-family ), Sans-serif;font-weight: var( --e-global-typography-primary-font-weight )\"><span style=\"color: var( --e-global-color-primary );font-family: var( --e-global-typography-primary-font-family ), Sans-serif;font-weight: var( --e-global-typography-primary-font-weight )\">Testez mes engagements en me contactant<\/span><br><\/h2><\/h2>\t\t\t\t<\/div>\n\t\t\t\t<\/div>\n\t\t\t\t\t<\/div>\n\t\t<\/div>\n\t\t\t\t\t<\/div>\n\t\t<\/section>\n\t\t\t\t<section class=\"elementor-section elementor-top-section elementor-element elementor-element-73ae7a8 elementor-section-boxed elementor-section-height-default elementor-section-height-default\" data-id=\"73ae7a8\" data-element_type=\"section\">\n\t\t\t\t\t\t<div class=\"elementor-container elementor-column-gap-default\">\n\t\t\t\t\t<div class=\"elementor-column elementor-col-100 elementor-top-column elementor-element elementor-element-1f07f61\" data-id=\"1f07f61\" data-element_type=\"column\">\n\t\t\t<div class=\"elementor-widget-wrap\">\n\t\t\t\t\t\t\t<\/div>\n\t\t<\/div>\n\t\t\t\t\t<\/div>\n\t\t<\/section>\n\t\t\t\t<section class=\"elementor-section elementor-top-section elementor-element elementor-element-eadf2ee elementor-section-boxed elementor-section-height-default elementor-section-height-default\" data-id=\"eadf2ee\" data-element_type=\"section\">\n\t\t\t\t\t\t<div class=\"elementor-container elementor-column-gap-default\">\n\t\t\t\t\t<div class=\"elementor-column elementor-col-100 elementor-top-column elementor-element elementor-element-672066c\" data-id=\"672066c\" data-element_type=\"column\">\n\t\t\t<div class=\"elementor-widget-wrap elementor-element-populated\">\n\t\t\t\t\t\t<div class=\"elementor-element elementor-element-f210d2f elementor-widget elementor-widget-wp-widget-forminator_widget\" data-id=\"f210d2f\" data-element_type=\"widget\" data-widget_type=\"wp-widget-forminator_widget.default\">\n\t\t\t\t<div class=\"elementor-widget-container\">\n\t\t\t\t\t<h5>.<\/h5><div class=\"forminator-ui forminator-custom-form forminator-custom-form-275 forminator-design--default  forminator_ajax\" data-forminator-render=\"0\" data-form=\"forminator-module-275\" data-uid=\"69fb2cf9ceebe\"><br\/><\/div><form\n\t\t\t\tid=\"forminator-module-275\"\n\t\t\t\tclass=\"forminator-ui forminator-custom-form forminator-custom-form-275 forminator-design--default  forminator_ajax\"\n\t\t\t\tmethod=\"post\"\n\t\t\t\tdata-forminator-render=\"0\"\n\t\t\t\tdata-form-id=\"275\"\n\t\t\t\t\n\t\t\t\tdata-design=\"default\"\n\t\t\t\t\n\t\t\t\t\n\t\t\t\t\n\t\t\t\tdata-grid=\"open\"\n\t\t\t\t\n\t\t\t\t\n\t\t\t\tstyle=\"display: none;\"\n\t\t\t\t\n\t\t\t\tdata-uid=\"69fb2cf9ceebe\"\n\t\t\t><div role=\"alert\" aria-live=\"polite\" class=\"forminator-response-message forminator-error\" aria-hidden=\"true\"><\/div><div class=\"forminator-row\"><div id=\"name-1\" class=\"forminator-field-name forminator-col forminator-col-12 \"><div class=\"forminator-field\"><label for=\"forminator-field-name-1_69fb2cf9ceebe\" id=\"forminator-field-name-1_69fb2cf9ceebe-label\" class=\"forminator-label\">Pr\u00e9nom <span class=\"forminator-required\">*<\/span><\/label><input type=\"text\" name=\"name-1\" value=\"\" placeholder=\"John\" id=\"forminator-field-name-1_69fb2cf9ceebe\" class=\"forminator-input forminator-name--field\" aria-required=\"true\" \/><\/div><\/div><\/div><div class=\"forminator-row\"><div id=\"email-1\" class=\"forminator-field-email forminator-col forminator-col-12 \"><div class=\"forminator-field\"><label for=\"forminator-field-email-1_69fb2cf9ceebe\" id=\"forminator-field-email-1_69fb2cf9ceebe-label\" class=\"forminator-label\">Adresse de messagerie <span class=\"forminator-required\">*<\/span><\/label><input type=\"email\" name=\"email-1\" value=\"\" placeholder=\"john@martin.com\" id=\"forminator-field-email-1_69fb2cf9ceebe\" class=\"forminator-input forminator-email--field\" data-required=\"true\" aria-required=\"true\" \/><\/div><\/div><\/div><div class=\"forminator-row\"><div id=\"phone-1\" class=\"forminator-field-phone forminator-col forminator-col-12 \"><div class=\"forminator-field\"><label for=\"forminator-field-phone-1_69fb2cf9ceebe\" id=\"forminator-field-phone-1_69fb2cf9ceebe-label\" class=\"forminator-label\">Num\u00e9ro de t\u00e9l\u00e9phone<\/label><input type=\"text\" name=\"phone-1\" value=\"\" placeholder=\"+33 6 xx xx xx xx\" id=\"forminator-field-phone-1_69fb2cf9ceebe\" class=\"forminator-input forminator-field--phone\" data-required=\"\" aria-required=\"false\" autocomplete=\"off\" \/><\/div><\/div><\/div><div class=\"forminator-row\"><div id=\"textarea-1\" class=\"forminator-field-textarea forminator-col forminator-col-12 \"><div class=\"forminator-field\"><label for=\"forminator-field-textarea-1_69fb2cf9ceebe\" id=\"forminator-field-textarea-1_69fb2cf9ceebe-label\" class=\"forminator-label\">Message<\/label><textarea name=\"textarea-1\" placeholder=\"Saisissez votre message\u2026\" id=\"forminator-field-textarea-1_69fb2cf9ceebe\" class=\"forminator-textarea\" rows=\"6\" style=\"min-height:140px;\" maxlength=\"180\" ><\/textarea><span id=\"forminator-field-textarea-1_69fb2cf9ceebe-description\" class=\"forminator-description\"><span data-limit=\"180\" data-type=\"characters\" data-editor=\"\">0 \/ 180<\/span><\/span><\/div><\/div><\/div><input type=\"hidden\" name=\"referer_url\" value=\"\" \/><div class=\"forminator-row forminator-row-last\"><div class=\"forminator-col\"><div class=\"forminator-field\"><button class=\"forminator-button forminator-button-submit\">Envoyer le message<\/button><\/div><\/div><\/div><input type=\"hidden\" id=\"forminator_nonce\" name=\"forminator_nonce\" value=\"9b74c2bb7b\" \/><input type=\"hidden\" name=\"_wp_http_referer\" value=\"\/WordPress\/index.php?rest_route=%2Fwp%2Fv2%2Fpages%2F34\" \/><input type=\"hidden\" name=\"form_id\" value=\"275\"><input type=\"hidden\" name=\"page_id\" value=\"34\"><input type=\"hidden\" name=\"form_type\" value=\"default\"><input type=\"hidden\" name=\"current_url\" value=\"http:\/\/www.mdkcf.fr\/WordPress\/?page_id=34\"><input type=\"hidden\" name=\"render_id\" value=\"0\"><input type=\"hidden\" name=\"action\" value=\"forminator_submit_form_custom-forms\"><\/form>\t\t\t\t<\/div>\n\t\t\t\t<\/div>\n\t\t\t\t\t<\/div>\n\t\t<\/div>\n\t\t\t\t\t<\/div>\n\t\t<\/section>\n\t\t\t\t<section class=\"elementor-section elementor-top-section elementor-element elementor-element-d9234f5 elementor-section-boxed elementor-section-height-default elementor-section-height-default\" data-id=\"d9234f5\" data-element_type=\"section\">\n\t\t\t\t\t\t<div class=\"elementor-container elementor-column-gap-default\">\n\t\t\t\t\t<div class=\"elementor-column elementor-col-100 elementor-top-column elementor-element elementor-element-0c852af\" data-id=\"0c852af\" data-element_type=\"column\">\n\t\t\t<div class=\"elementor-widget-wrap elementor-element-populated\">\n\t\t\t\t\t\t<div class=\"elementor-element elementor-element-2700b66 elementor-widget elementor-widget-spacer\" data-id=\"2700b66\" data-element_type=\"widget\" data-widget_type=\"spacer.default\">\n\t\t\t\t<div class=\"elementor-widget-container\">\n\t\t\t\t\t\t\t<div class=\"elementor-spacer\">\n\t\t\t<div class=\"elementor-spacer-inner\"><\/div>\n\t\t<\/div>\n\t\t\t\t\t\t<\/div>\n\t\t\t\t<\/div>\n\t\t\t\t\t<\/div>\n\t\t<\/div>\n\t\t\t\t\t<\/div>\n\t\t<\/section>\n\t\t\t\t<section class=\"elementor-section elementor-top-section elementor-element elementor-element-9bc8268 elementor-section-boxed elementor-section-height-default elementor-section-height-default\" data-id=\"9bc8268\" data-element_type=\"section\">\n\t\t\t\t\t\t<div class=\"elementor-container elementor-column-gap-default\">\n\t\t\t\t\t<div class=\"elementor-column elementor-col-20 elementor-top-column elementor-element elementor-element-cf6d4ee\" data-id=\"cf6d4ee\" data-element_type=\"column\">\n\t\t\t<div class=\"elementor-widget-wrap\">\n\t\t\t\t\t\t\t<\/div>\n\t\t<\/div>\n\t\t\t\t<div class=\"elementor-column elementor-col-20 elementor-top-column elementor-element elementor-element-4732d42\" data-id=\"4732d42\" data-element_type=\"column\">\n\t\t\t<div class=\"elementor-widget-wrap elementor-element-populated\">\n\t\t\t\t\t\t<div class=\"elementor-element elementor-element-75c6c73 elementor-widget elementor-widget-image\" data-id=\"75c6c73\" data-element_type=\"widget\" data-widget_type=\"image.default\">\n\t\t\t\t<div class=\"elementor-widget-container\">\n\t\t\t\t\t\t\t\t\t\t\t\t\t\t\t<img fetchpriority=\"high\" decoding=\"async\" width=\"716\" height=\"772\" src=\"http:\/\/www.mdkcf.fr\/WordPress\/wp-content\/uploads\/2021\/01\/datadock.jpg\" class=\"attachment-large size-large wp-image-671\" alt=\"datadock\" srcset=\"http:\/\/www.mdkcf.fr\/WordPress\/wp-content\/uploads\/2021\/01\/datadock.jpg 716w, http:\/\/www.mdkcf.fr\/WordPress\/wp-content\/uploads\/2021\/01\/datadock-278x300.jpg 278w\" sizes=\"(max-width: 716px) 100vw, 716px\" \/>\t\t\t\t\t\t\t\t\t\t\t\t\t\t\t<\/div>\n\t\t\t\t<\/div>\n\t\t\t\t\t<\/div>\n\t\t<\/div>\n\t\t\t\t<div class=\"elementor-column elementor-col-20 elementor-top-column elementor-element elementor-element-4aa0ad8\" data-id=\"4aa0ad8\" data-element_type=\"column\">\n\t\t\t<div class=\"elementor-widget-wrap\">\n\t\t\t\t\t\t\t<\/div>\n\t\t<\/div>\n\t\t\t\t<div class=\"elementor-column elementor-col-20 elementor-top-column elementor-element elementor-element-e86591c\" data-id=\"e86591c\" data-element_type=\"column\">\n\t\t\t<div class=\"elementor-widget-wrap elementor-element-populated\">\n\t\t\t\t\t\t<div class=\"elementor-element elementor-element-52c837a elementor-widget elementor-widget-image\" data-id=\"52c837a\" data-element_type=\"widget\" data-widget_type=\"image.default\">\n\t\t\t\t<div class=\"elementor-widget-container\">\n\t\t\t\t\t\t\t\t\t\t\t\t\t\t\t<img decoding=\"async\" width=\"800\" height=\"500\" src=\"http:\/\/www.mdkcf.fr\/WordPress\/wp-content\/uploads\/2021\/01\/certifie-qualiopi.png\" class=\"attachment-large size-large wp-image-678\" alt=\"\" srcset=\"http:\/\/www.mdkcf.fr\/WordPress\/wp-content\/uploads\/2021\/01\/certifie-qualiopi.png 800w, http:\/\/www.mdkcf.fr\/WordPress\/wp-content\/uploads\/2021\/01\/certifie-qualiopi-300x188.png 300w, http:\/\/www.mdkcf.fr\/WordPress\/wp-content\/uploads\/2021\/01\/certifie-qualiopi-768x480.png 768w\" sizes=\"(max-width: 800px) 100vw, 800px\" \/>\t\t\t\t\t\t\t\t\t\t\t\t\t\t\t<\/div>\n\t\t\t\t<\/div>\n\t\t\t\t<div class=\"elementor-element elementor-element-1e56433 elementor-widget elementor-widget-text-editor\" data-id=\"1e56433\" data-element_type=\"widget\" data-widget_type=\"text-editor.default\">\n\t\t\t\t<div class=\"elementor-widget-container\">\n\t\t\t\t\t\t\t\t\t<center> \u00ab\u00a0en cours\u00a0\u00bb\t\t\t\t\t\t\t\t<\/div>\n\t\t\t\t<\/div>\n\t\t\t\t\t<\/div>\n\t\t<\/div>\n\t\t\t\t<div class=\"elementor-column elementor-col-20 elementor-top-column elementor-element elementor-element-0676074\" data-id=\"0676074\" data-element_type=\"column\">\n\t\t\t<div class=\"elementor-widget-wrap\">\n\t\t\t\t\t\t\t<\/div>\n\t\t<\/div>\n\t\t\t\t\t<\/div>\n\t\t<\/section>\n\t\t\t\t<\/div>\n\t\t","protected":false},"excerpt":{"rendered":"<p>Testez mes engagements en me contactant \u00ab\u00a0en cours\u00a0\u00bb<\/p>\n","protected":false},"author":1,"featured_media":0,"parent":0,"menu_order":0,"comment_status":"closed","ping_status":"closed","template":"","meta":{"footnotes":""},"class_list":["post-34","page","type-page","status-publish","hentry"],"yoast_head":"<!-- This site is optimized with the Yoast SEO plugin v24.4 - https:\/\/yoast.com\/wordpress\/plugins\/seo\/ -->\n<title>Contact - MDK Conseil Formation<\/title>\n<meta name=\"robots\" content=\"index, follow, max-snippet:-1, max-image-preview:large, max-video-preview:-1\" \/>\n<link rel=\"canonical\" href=\"http:\/\/www.mdkcf.fr\/WordPress\/?page_id=34\" \/>\n<meta property=\"og:locale\" content=\"fr_FR\" \/>\n<meta property=\"og:type\" content=\"article\" \/>\n<meta property=\"og:title\" content=\"Contact - MDK Conseil Formation\" \/>\n<meta property=\"og:description\" content=\"Testez mes engagements en me contactant \u00ab\u00a0en cours\u00a0\u00bb\" \/>\n<meta property=\"og:url\" content=\"http:\/\/www.mdkcf.fr\/WordPress\/?page_id=34\" \/>\n<meta property=\"og:site_name\" content=\"MDK Conseil Formation\" \/>\n<meta property=\"article:modified_time\" content=\"2021-02-10T07:27:28+00:00\" \/>\n<meta property=\"og:image\" content=\"http:\/\/www.mdkcf.fr\/WordPress\/wp-content\/uploads\/2021\/01\/datadock.jpg\" \/>\n<meta name=\"twitter:card\" content=\"summary_large_image\" \/>\n<meta name=\"twitter:label1\" content=\"Dur\u00e9e de lecture estim\u00e9e\" \/>\n\t<meta name=\"twitter:data1\" content=\"8 minutes\" \/>\n<script type=\"application\/ld+json\" class=\"yoast-schema-graph\">{\"@context\":\"https:\/\/schema.org\",\"@graph\":[{\"@type\":\"WebPage\",\"@id\":\"http:\/\/www.mdkcf.fr\/WordPress\/?page_id=34\",\"url\":\"http:\/\/www.mdkcf.fr\/WordPress\/?page_id=34\",\"name\":\"Contact - MDK Conseil Formation\",\"isPartOf\":{\"@id\":\"http:\/\/www.mdkcf.fr\/WordPress\/#website\"},\"primaryImageOfPage\":{\"@id\":\"http:\/\/www.mdkcf.fr\/WordPress\/?page_id=34#primaryimage\"},\"image\":{\"@id\":\"http:\/\/www.mdkcf.fr\/WordPress\/?page_id=34#primaryimage\"},\"thumbnailUrl\":\"http:\/\/www.mdkcf.fr\/WordPress\/wp-content\/uploads\/2021\/01\/datadock.jpg\",\"datePublished\":\"2019-06-03T09:37:23+00:00\",\"dateModified\":\"2021-02-10T07:27:28+00:00\",\"breadcrumb\":{\"@id\":\"http:\/\/www.mdkcf.fr\/WordPress\/?page_id=34#breadcrumb\"},\"inLanguage\":\"fr-FR\",\"potentialAction\":[{\"@type\":\"ReadAction\",\"target\":[\"http:\/\/www.mdkcf.fr\/WordPress\/?page_id=34\"]}]},{\"@type\":\"ImageObject\",\"inLanguage\":\"fr-FR\",\"@id\":\"http:\/\/www.mdkcf.fr\/WordPress\/?page_id=34#primaryimage\",\"url\":\"http:\/\/www.mdkcf.fr\/WordPress\/wp-content\/uploads\/2021\/01\/datadock.jpg\",\"contentUrl\":\"http:\/\/www.mdkcf.fr\/WordPress\/wp-content\/uploads\/2021\/01\/datadock.jpg\",\"width\":716,\"height\":772,\"caption\":\"datadock\"},{\"@type\":\"BreadcrumbList\",\"@id\":\"http:\/\/www.mdkcf.fr\/WordPress\/?page_id=34#breadcrumb\",\"itemListElement\":[{\"@type\":\"ListItem\",\"position\":1,\"name\":\"Accueil\",\"item\":\"http:\/\/www.mdkcf.fr\/WordPress\"},{\"@type\":\"ListItem\",\"position\":2,\"name\":\"Contact\"}]},{\"@type\":\"WebSite\",\"@id\":\"http:\/\/www.mdkcf.fr\/WordPress\/#website\",\"url\":\"http:\/\/www.mdkcf.fr\/WordPress\/\",\"name\":\"MDK Conseil Formation\",\"description\":\"Ne pas se prendre la t\u00eate, mais la partager.\",\"publisher\":{\"@id\":\"http:\/\/www.mdkcf.fr\/WordPress\/#organization\"},\"potentialAction\":[{\"@type\":\"SearchAction\",\"target\":{\"@type\":\"EntryPoint\",\"urlTemplate\":\"http:\/\/www.mdkcf.fr\/WordPress\/?s={search_term_string}\"},\"query-input\":{\"@type\":\"PropertyValueSpecification\",\"valueRequired\":true,\"valueName\":\"search_term_string\"}}],\"inLanguage\":\"fr-FR\"},{\"@type\":\"Organization\",\"@id\":\"http:\/\/www.mdkcf.fr\/WordPress\/#organization\",\"name\":\"MDK Conseil Formation\",\"url\":\"http:\/\/www.mdkcf.fr\/WordPress\/\",\"logo\":{\"@type\":\"ImageObject\",\"inLanguage\":\"fr-FR\",\"@id\":\"http:\/\/www.mdkcf.fr\/WordPress\/#\/schema\/logo\/image\/\",\"url\":\"http:\/\/www.mdkcf.fr\/WordPress\/wp-content\/uploads\/2020\/12\/cropped-logo-martine.png\",\"contentUrl\":\"http:\/\/www.mdkcf.fr\/WordPress\/wp-content\/uploads\/2020\/12\/cropped-logo-martine.png\",\"width\":240,\"height\":240,\"caption\":\"MDK Conseil  Formation\"},\"image\":{\"@id\":\"http:\/\/www.mdkcf.fr\/WordPress\/#\/schema\/logo\/image\/\"}}]}<\/script>\n<!-- \/ Yoast SEO plugin. -->","yoast_head_json":{"title":"Contact - MDK Conseil Formation","robots":{"index":"index","follow":"follow","max-snippet":"max-snippet:-1","max-image-preview":"max-image-preview:large","max-video-preview":"max-video-preview:-1"},"canonical":"http:\/\/www.mdkcf.fr\/WordPress\/?page_id=34","og_locale":"fr_FR","og_type":"article","og_title":"Contact - MDK Conseil Formation","og_description":"Testez mes engagements en me contactant \u00ab\u00a0en cours\u00a0\u00bb","og_url":"http:\/\/www.mdkcf.fr\/WordPress\/?page_id=34","og_site_name":"MDK Conseil Formation","article_modified_time":"2021-02-10T07:27:28+00:00","og_image":[{"url":"http:\/\/www.mdkcf.fr\/WordPress\/wp-content\/uploads\/2021\/01\/datadock.jpg","type":"","width":"","height":""}],"twitter_card":"summary_large_image","twitter_misc":{"Dur\u00e9e de lecture estim\u00e9e":"8 minutes"},"schema":{"@context":"https:\/\/schema.org","@graph":[{"@type":"WebPage","@id":"http:\/\/www.mdkcf.fr\/WordPress\/?page_id=34","url":"http:\/\/www.mdkcf.fr\/WordPress\/?page_id=34","name":"Contact - MDK Conseil Formation","isPartOf":{"@id":"http:\/\/www.mdkcf.fr\/WordPress\/#website"},"primaryImageOfPage":{"@id":"http:\/\/www.mdkcf.fr\/WordPress\/?page_id=34#primaryimage"},"image":{"@id":"http:\/\/www.mdkcf.fr\/WordPress\/?page_id=34#primaryimage"},"thumbnailUrl":"http:\/\/www.mdkcf.fr\/WordPress\/wp-content\/uploads\/2021\/01\/datadock.jpg","datePublished":"2019-06-03T09:37:23+00:00","dateModified":"2021-02-10T07:27:28+00:00","breadcrumb":{"@id":"http:\/\/www.mdkcf.fr\/WordPress\/?page_id=34#breadcrumb"},"inLanguage":"fr-FR","potentialAction":[{"@type":"ReadAction","target":["http:\/\/www.mdkcf.fr\/WordPress\/?page_id=34"]}]},{"@type":"ImageObject","inLanguage":"fr-FR","@id":"http:\/\/www.mdkcf.fr\/WordPress\/?page_id=34#primaryimage","url":"http:\/\/www.mdkcf.fr\/WordPress\/wp-content\/uploads\/2021\/01\/datadock.jpg","contentUrl":"http:\/\/www.mdkcf.fr\/WordPress\/wp-content\/uploads\/2021\/01\/datadock.jpg","width":716,"height":772,"caption":"datadock"},{"@type":"BreadcrumbList","@id":"http:\/\/www.mdkcf.fr\/WordPress\/?page_id=34#breadcrumb","itemListElement":[{"@type":"ListItem","position":1,"name":"Accueil","item":"http:\/\/www.mdkcf.fr\/WordPress"},{"@type":"ListItem","position":2,"name":"Contact"}]},{"@type":"WebSite","@id":"http:\/\/www.mdkcf.fr\/WordPress\/#website","url":"http:\/\/www.mdkcf.fr\/WordPress\/","name":"MDK Conseil Formation","description":"Ne pas se prendre la t\u00eate, mais la partager.","publisher":{"@id":"http:\/\/www.mdkcf.fr\/WordPress\/#organization"},"potentialAction":[{"@type":"SearchAction","target":{"@type":"EntryPoint","urlTemplate":"http:\/\/www.mdkcf.fr\/WordPress\/?s={search_term_string}"},"query-input":{"@type":"PropertyValueSpecification","valueRequired":true,"valueName":"search_term_string"}}],"inLanguage":"fr-FR"},{"@type":"Organization","@id":"http:\/\/www.mdkcf.fr\/WordPress\/#organization","name":"MDK Conseil Formation","url":"http:\/\/www.mdkcf.fr\/WordPress\/","logo":{"@type":"ImageObject","inLanguage":"fr-FR","@id":"http:\/\/www.mdkcf.fr\/WordPress\/#\/schema\/logo\/image\/","url":"http:\/\/www.mdkcf.fr\/WordPress\/wp-content\/uploads\/2020\/12\/cropped-logo-martine.png","contentUrl":"http:\/\/www.mdkcf.fr\/WordPress\/wp-content\/uploads\/2020\/12\/cropped-logo-martine.png","width":240,"height":240,"caption":"MDK Conseil  Formation"},"image":{"@id":"http:\/\/www.mdkcf.fr\/WordPress\/#\/schema\/logo\/image\/"}}]}},"_links":{"self":[{"href":"http:\/\/www.mdkcf.fr\/WordPress\/index.php?rest_route=\/wp\/v2\/pages\/34","targetHints":{"allow":["GET"]}}],"collection":[{"href":"http:\/\/www.mdkcf.fr\/WordPress\/index.php?rest_route=\/wp\/v2\/pages"}],"about":[{"href":"http:\/\/www.mdkcf.fr\/WordPress\/index.php?rest_route=\/wp\/v2\/types\/page"}],"author":[{"embeddable":true,"href":"http:\/\/www.mdkcf.fr\/WordPress\/index.php?rest_route=\/wp\/v2\/users\/1"}],"replies":[{"embeddable":true,"href":"http:\/\/www.mdkcf.fr\/WordPress\/index.php?rest_route=%2Fwp%2Fv2%2Fcomments&post=34"}],"version-history":[{"count":0,"href":"http:\/\/www.mdkcf.fr\/WordPress\/index.php?rest_route=\/wp\/v2\/pages\/34\/revisions"}],"wp:attachment":[{"href":"http:\/\/www.mdkcf.fr\/WordPress\/index.php?rest_route=%2Fwp%2Fv2%2Fmedia&parent=34"}],"curies":[{"name":"wp","href":"https:\/\/api.w.org\/{rel}","templated":true}]}}