{"id":821,"date":"2021-01-28T20:53:56","date_gmt":"2021-01-28T19:53:56","guid":{"rendered":"http:\/\/www.mdkcf.fr\/WordPress\/?page_id=821"},"modified":"2024-09-11T19:22:24","modified_gmt":"2024-09-11T17:22:24","slug":"renforcer-la-confiance-en-soi","status":"publish","type":"page","link":"http:\/\/www.mdkcf.fr\/WordPress\/?page_id=821","title":{"rendered":"Confiance et Estime de soi"},"content":{"rendered":"\t\t<div data-elementor-type=\"wp-page\" data-elementor-id=\"821\" class=\"elementor elementor-821\">\n\t\t\t\t\t\t<section class=\"elementor-section elementor-top-section elementor-element elementor-element-5c42a80 elementor-section-boxed elementor-section-height-default elementor-section-height-default\" data-id=\"5c42a80\" data-element_type=\"section\">\n\t\t\t\t\t\t<div class=\"elementor-container elementor-column-gap-default\">\n\t\t\t\t\t<div class=\"elementor-column elementor-col-50 elementor-top-column elementor-element elementor-element-5fbe4a7\" data-id=\"5fbe4a7\" data-element_type=\"column\">\n\t\t\t<div class=\"elementor-widget-wrap elementor-element-populated\">\n\t\t\t\t\t\t<div class=\"elementor-element elementor-element-3d16087 elementor-widget elementor-widget-text-editor\" data-id=\"3d16087\" data-element_type=\"widget\" data-widget_type=\"text-editor.default\">\n\t\t\t\t<div class=\"elementor-widget-container\">\n\t\t\t\t\t\t\t\t\t<p>Quel que soit le degr\u00e9 de confiance que vous avez en vous,<br \/>Il existe des leviers simples pour le faire croitre.<br \/>Vous avez en vous beaucoup plus de merveilles que vous ne pensez !<br \/>A commencer par vous-m\u00eame.<br \/>Venez les explorer et laissez-vous guider sur le chemin de la confiance en soi<\/p>\t\t\t\t\t\t\t\t<\/div>\n\t\t\t\t<\/div>\n\t\t\t\t\t<\/div>\n\t\t<\/div>\n\t\t\t\t<div class=\"elementor-column elementor-col-50 elementor-top-column elementor-element elementor-element-c53ce5c\" data-id=\"c53ce5c\" data-element_type=\"column\">\n\t\t\t<div class=\"elementor-widget-wrap elementor-element-populated\">\n\t\t\t\t\t\t<div class=\"elementor-element elementor-element-c3fe902 elementor-widget__width-initial elementor-widget elementor-widget-image\" data-id=\"c3fe902\" data-element_type=\"widget\" data-widget_type=\"image.default\">\n\t\t\t\t<div class=\"elementor-widget-container\">\n\t\t\t\t\t\t\t\t\t\t\t\t\t\t\t<img decoding=\"async\" src=\"http:\/\/www.mdkcf.fr\/WordPress\/wp-content\/uploads\/elementor\/thumbs\/Sticker-martine-p241tleluk7w3vnbmp31qmpv4pkfisl91wotb7kjxk.png\" title=\"Sticker &#8211; martine\" alt=\"Sticker - martine\" loading=\"lazy\" \/>\t\t\t\t\t\t\t\t\t\t\t\t\t\t\t<\/div>\n\t\t\t\t<\/div>\n\t\t\t\t\t<\/div>\n\t\t<\/div>\n\t\t\t\t\t<\/div>\n\t\t<\/section>\n\t\t\t\t<section class=\"elementor-section elementor-top-section elementor-element elementor-element-eb86c46 elementor-section-boxed elementor-section-height-default elementor-section-height-default\" data-id=\"eb86c46\" data-element_type=\"section\">\n\t\t\t\t\t\t<div class=\"elementor-container elementor-column-gap-default\">\n\t\t\t\t\t<div class=\"elementor-column elementor-col-100 elementor-top-column elementor-element elementor-element-989b3f8\" data-id=\"989b3f8\" data-element_type=\"column\">\n\t\t\t<div class=\"elementor-widget-wrap elementor-element-populated\">\n\t\t\t\t\t\t<div class=\"elementor-element elementor-element-e2636b2 elementor-widget elementor-widget-heading\" data-id=\"e2636b2\" data-element_type=\"widget\" data-widget_type=\"heading.default\">\n\t\t\t\t<div class=\"elementor-widget-container\">\n\t\t\t\t\t<h2 class=\"elementor-heading-title elementor-size-default\">Renforcer la confiance en soi<\/h2>\t\t\t\t<\/div>\n\t\t\t\t<\/div>\n\t\t\t\t\t<\/div>\n\t\t<\/div>\n\t\t\t\t\t<\/div>\n\t\t<\/section>\n\t\t\t\t<section class=\"elementor-section elementor-top-section elementor-element elementor-element-4f9d546 elementor-section-boxed elementor-section-height-default elementor-section-height-default\" data-id=\"4f9d546\" data-element_type=\"section\">\n\t\t\t\t\t\t<div class=\"elementor-container elementor-column-gap-default\">\n\t\t\t\t\t<div class=\"elementor-column elementor-col-33 elementor-top-column elementor-element elementor-element-8d9ce55\" data-id=\"8d9ce55\" data-element_type=\"column\">\n\t\t\t<div class=\"elementor-widget-wrap elementor-element-populated\">\n\t\t\t\t\t\t<div class=\"elementor-element elementor-element-5f05ab4 elementor-widget elementor-widget-image\" data-id=\"5f05ab4\" data-element_type=\"widget\" data-widget_type=\"image.default\">\n\t\t\t\t<div class=\"elementor-widget-container\">\n\t\t\t\t\t\t\t\t\t\t\t\t\t\t\t<img decoding=\"async\" src=\"http:\/\/www.mdkcf.fr\/WordPress\/wp-content\/uploads\/elementor\/thumbs\/renforcer-la-confiance-image-p2g5b1vz1mvocy0knuvt92l7xipcvaluqrcsn0y828.jpg\" title=\"renforcer la confiance &#8211; image\" alt=\"image d&#039;un enfant qui cours\" loading=\"lazy\" \/>\t\t\t\t\t\t\t\t\t\t\t\t\t\t\t<\/div>\n\t\t\t\t<\/div>\n\t\t\t\t\t<\/div>\n\t\t<\/div>\n\t\t\t\t<div class=\"elementor-column elementor-col-66 elementor-top-column elementor-element elementor-element-75ac3d6\" data-id=\"75ac3d6\" data-element_type=\"column\">\n\t\t\t<div class=\"elementor-widget-wrap elementor-element-populated\">\n\t\t\t\t\t\t<div class=\"elementor-element elementor-element-b4755d3 elementor-widget elementor-widget-text-editor\" data-id=\"b4755d3\" data-element_type=\"widget\" data-widget_type=\"text-editor.default\">\n\t\t\t\t<div class=\"elementor-widget-container\">\n\t\t\t\t\t\t\t\t\t<p>La confiance en soi, qu\u2019est-ce que c\u2019est\u00a0? D\u00e9finir la confiance en soi<\/p><p>Muscler la confiance en soi en travaillant \/ s\u2019appuyant sur ses points forts<\/p><p>Accepter et tirer parti du regard des autres<\/p><p>G\u00e9rer son Capital Confiance dans la dur\u00e9e<\/p>\t\t\t\t\t\t\t\t<\/div>\n\t\t\t\t<\/div>\n\t\t\t\t\t<\/div>\n\t\t<\/div>\n\t\t\t\t\t<\/div>\n\t\t<\/section>\n\t\t\t\t<section class=\"elementor-section elementor-top-section elementor-element elementor-element-9c1586d elementor-section-boxed elementor-section-height-default elementor-section-height-default\" data-id=\"9c1586d\" data-element_type=\"section\">\n\t\t\t\t\t\t<div class=\"elementor-container elementor-column-gap-default\">\n\t\t\t\t\t<div class=\"elementor-column elementor-col-100 elementor-top-column elementor-element elementor-element-a6a0315\" data-id=\"a6a0315\" data-element_type=\"column\">\n\t\t\t<div class=\"elementor-widget-wrap elementor-element-populated\">\n\t\t\t\t\t\t<div class=\"elementor-element elementor-element-ad117d2 elementor-widget elementor-widget-heading\" data-id=\"ad117d2\" data-element_type=\"widget\" data-widget_type=\"heading.default\">\n\t\t\t\t<div class=\"elementor-widget-container\">\n\t\t\t\t\t<h2 class=\"elementor-heading-title elementor-size-default\">D\u00e9roulement<\/h2>\t\t\t\t<\/div>\n\t\t\t\t<\/div>\n\t\t\t\t\t<\/div>\n\t\t<\/div>\n\t\t\t\t\t<\/div>\n\t\t<\/section>\n\t\t\t\t<section class=\"elementor-section elementor-top-section elementor-element elementor-element-fc90f1e elementor-section-boxed elementor-section-height-default elementor-section-height-default\" data-id=\"fc90f1e\" data-element_type=\"section\">\n\t\t\t\t\t\t<div class=\"elementor-container elementor-column-gap-default\">\n\t\t\t\t\t<div class=\"elementor-column elementor-col-100 elementor-top-column elementor-element elementor-element-53031a0\" data-id=\"53031a0\" data-element_type=\"column\">\n\t\t\t<div class=\"elementor-widget-wrap elementor-element-populated\">\n\t\t\t\t\t\t<div class=\"elementor-element elementor-element-413705e elementor-widget elementor-widget-text-editor\" data-id=\"413705e\" data-element_type=\"widget\" data-widget_type=\"text-editor.default\">\n\t\t\t\t<div class=\"elementor-widget-container\">\n\t\t\t\t\t\t\t\t\t<p><strong><span class=\"s2\"><span class=\"s2\">1. <\/span><\/span><\/strong><span class=\"s1\"><b>La confiance en soi, qu\u2019est-ce que c\u2019est ?<\/b><\/span><\/p><p><span class=\"s1\">\u00a0 \u00a0 D\u00e9finir la confiance en soi<\/span><\/p><p><span class=\"s1\">\u00a0 \u00a0 Muscler la confiance en soi en travaillant \/s\u2019appuyant sur ses points forts<\/span><\/p><p><span class=\"s1\">\u00a0 \u00a0 Accepter et tirer parti du regard des autres<\/span><\/p><p><span class=\"s1\">\u00a0 \u00a0 G\u00e9rer son Capital Confiance dans la dur\u00e9e<\/span><\/p><p class=\"p1\"><span class=\"s1\"><b>2. Muscler la confiance en soi<span class=\"Apple-converted-space\">\u00a0<\/span><\/b><\/span><\/p><p class=\"p1\"><span class=\"s1\"><b><span class=\"Apple-converted-space\">\u00a0 \u00a0 \u00a0<\/span><\/b>Ce qui m\u2019a construit<\/span><\/p><p class=\"p1\"><span class=\"s1\"><span class=\"Apple-converted-space\">\u00a0\u00a0 \u00a0 <\/span>Mes r\u00e9ussites (p\u00e9pites) ant\u00e9rieures<\/span><\/p><p class=\"p1\"><span class=\"s1\"><span class=\"Apple-converted-space\">\u00a0\u00a0 \u00a0 <\/span>Reprendre confiance en soi, se remotiver avec les \u00ab\u00a0petites\u00a0\u00bb r\u00e9ussites au quotidien<\/span><\/p><p class=\"p1\"><span class=\"s1\"><span class=\"Apple-converted-space\">\u00a0\u00a0 \u00a0 <\/span>Aller plus loin (pousser sa zone de confort, oser\u2026)<\/span><\/p><p class=\"p1\"><span class=\"s1\"><b>3. Accepter et tirer parti du regard des autres<\/b><\/span><\/p><p class=\"p1\"><span class=\"s1\"><b><span class=\"Apple-converted-space\">\u00a0\u00a0 \u00a0 <\/span><\/b>Comment je me per\u00e7ois<\/span><\/p><p class=\"p1\"><span class=\"s1\"><span class=\"Apple-converted-space\">\u00a0\u00a0 \u00a0 <\/span>Comment les autres me per\u00e7oivent<\/span><\/p><p class=\"p1\"><span class=\"s1\"><span class=\"Apple-converted-space\">\u00a0\u00a0 \u00a0 <\/span>Adopter la relation +\/+ dans ma relation \u00e0 l\u2019autre<\/span><\/p><p class=\"p1\"><span class=\"s1\"><b>4. G\u00e9rer son Capital Confiance dans la dur\u00e9e<\/b><\/span><\/p><p class=\"p1\"><span class=\"s1\"><b><span class=\"Apple-converted-space\">\u00a0\u00a0 \u00a0 <\/span><\/b>7 cl\u00e9s pour d\u00e9velopper et booster la confiance en soi<\/span><\/p>\t\t\t\t\t\t\t\t<\/div>\n\t\t\t\t<\/div>\n\t\t\t\t\t<\/div>\n\t\t<\/div>\n\t\t\t\t\t<\/div>\n\t\t<\/section>\n\t\t\t\t<section class=\"elementor-section elementor-top-section elementor-element elementor-element-f8c69c6 elementor-section-boxed elementor-section-height-default elementor-section-height-default\" data-id=\"f8c69c6\" data-element_type=\"section\">\n\t\t\t\t\t\t<div class=\"elementor-container elementor-column-gap-default\">\n\t\t\t\t\t<div class=\"elementor-column elementor-col-100 elementor-top-column elementor-element elementor-element-9e51dbf\" data-id=\"9e51dbf\" data-element_type=\"column\">\n\t\t\t<div class=\"elementor-widget-wrap elementor-element-populated\">\n\t\t\t\t\t\t<div class=\"elementor-element elementor-element-c1298f4 elementor-widget elementor-widget-heading\" data-id=\"c1298f4\" data-element_type=\"widget\" data-widget_type=\"heading.default\">\n\t\t\t\t<div class=\"elementor-widget-container\">\n\t\t\t\t\t<h2 class=\"elementor-heading-title elementor-size-default\">P\u00e9dagogie<\/h2>\t\t\t\t<\/div>\n\t\t\t\t<\/div>\n\t\t\t\t\t<\/div>\n\t\t<\/div>\n\t\t\t\t\t<\/div>\n\t\t<\/section>\n\t\t\t\t<section class=\"elementor-section elementor-top-section elementor-element elementor-element-b96a2fc elementor-section-boxed elementor-section-height-default elementor-section-height-default\" data-id=\"b96a2fc\" data-element_type=\"section\">\n\t\t\t\t\t\t<div class=\"elementor-container elementor-column-gap-default\">\n\t\t\t\t\t<div class=\"elementor-column elementor-col-100 elementor-top-column elementor-element elementor-element-ff39550\" data-id=\"ff39550\" data-element_type=\"column\">\n\t\t\t<div class=\"elementor-widget-wrap elementor-element-populated\">\n\t\t\t\t\t\t<div class=\"elementor-element elementor-element-d0509b2 elementor-widget elementor-widget-text-editor\" data-id=\"d0509b2\" data-element_type=\"widget\" data-widget_type=\"text-editor.default\">\n\t\t\t\t<div class=\"elementor-widget-container\">\n\t\t\t\t\t\t\t\t\t<p class=\"p1\"><span class=\"s1\">Cette formation est concr\u00e8te pour vous permettre de comprendre et d\u00e9passer les obstacles au manque de confiance en vous.<\/span><\/p><p class=\"p1\"><span class=\"s1\">Nous vous donnerons des pistes<\/span><\/p><p class=\"p1\"><span class=\"s1\">Vous serez impliqu\u00e9 et ferez un vrai travail sur vous-m\u00eame<\/span><\/p><p class=\"p1\"><span class=\"s1\">Vous repartirez avec votre \u00ab\u00a0Motivation book\u00a0\u00bb : vous l\u2019aurez r\u00e9alis\u00e9 et il vous accompagnera par la suite<\/span><\/p>\t\t\t\t\t\t\t\t<\/div>\n\t\t\t\t<\/div>\n\t\t\t\t\t<\/div>\n\t\t<\/div>\n\t\t\t\t\t<\/div>\n\t\t<\/section>\n\t\t\t\t<\/div>\n\t\t","protected":false},"excerpt":{"rendered":"<p>Quel que soit le degr\u00e9 de confiance que vous avez en vous,Il existe des leviers simples pour le faire croitre.Vous avez en vous beaucoup plus de merveilles que vous ne pensez !A commencer par vous-m\u00eame.Venez les explorer et laissez-vous guider sur le chemin de la confiance en soi Renforcer la confiance en soi La confiance [&hellip;]<\/p>\n","protected":false},"author":1,"featured_media":0,"parent":0,"menu_order":0,"comment_status":"closed","ping_status":"closed","template":"","meta":{"footnotes":""},"class_list":["post-821","page","type-page","status-publish","hentry"],"yoast_head":"<!-- This site is optimized with the Yoast SEO plugin v24.4 - https:\/\/yoast.com\/wordpress\/plugins\/seo\/ -->\n<title>Confiance et Estime de soi - MDK Conseil Formation<\/title>\n<meta name=\"robots\" content=\"index, follow, max-snippet:-1, max-image-preview:large, max-video-preview:-1\" \/>\n<link rel=\"canonical\" href=\"http:\/\/www.mdkcf.fr\/WordPress\/?page_id=821\" \/>\n<meta property=\"og:locale\" content=\"fr_FR\" \/>\n<meta property=\"og:type\" content=\"article\" \/>\n<meta property=\"og:title\" content=\"Confiance et Estime de soi - MDK Conseil Formation\" \/>\n<meta property=\"og:description\" content=\"Quel que soit le degr\u00e9 de confiance que vous avez en vous,Il existe des leviers simples pour le faire croitre.Vous avez en vous beaucoup plus de merveilles que vous ne pensez !A commencer par vous-m\u00eame.Venez les explorer et laissez-vous guider sur le chemin de la confiance en soi Renforcer la confiance en soi La confiance [&hellip;]\" \/>\n<meta property=\"og:url\" content=\"http:\/\/www.mdkcf.fr\/WordPress\/?page_id=821\" \/>\n<meta property=\"og:site_name\" content=\"MDK Conseil Formation\" \/>\n<meta property=\"article:modified_time\" content=\"2024-09-11T17:22:24+00:00\" \/>\n<meta property=\"og:image\" content=\"http:\/\/www.mdkcf.fr\/WordPress\/wp-content\/uploads\/elementor\/thumbs\/Sticker-martine-p241tleluk7w3vnbmp31qmpv4pkfisl91wotb7kjxk.png\" \/>\n<meta name=\"twitter:card\" content=\"summary_large_image\" \/>\n<meta name=\"twitter:label1\" content=\"Dur\u00e9e de lecture estim\u00e9e\" \/>\n\t<meta name=\"twitter:data1\" content=\"2 minutes\" \/>\n<script type=\"application\/ld+json\" class=\"yoast-schema-graph\">{\"@context\":\"https:\/\/schema.org\",\"@graph\":[{\"@type\":\"WebPage\",\"@id\":\"http:\/\/www.mdkcf.fr\/WordPress\/?page_id=821\",\"url\":\"http:\/\/www.mdkcf.fr\/WordPress\/?page_id=821\",\"name\":\"Confiance et Estime de soi - MDK Conseil Formation\",\"isPartOf\":{\"@id\":\"http:\/\/www.mdkcf.fr\/WordPress\/#website\"},\"primaryImageOfPage\":{\"@id\":\"http:\/\/www.mdkcf.fr\/WordPress\/?page_id=821#primaryimage\"},\"image\":{\"@id\":\"http:\/\/www.mdkcf.fr\/WordPress\/?page_id=821#primaryimage\"},\"thumbnailUrl\":\"http:\/\/www.mdkcf.fr\/WordPress\/wp-content\/uploads\/elementor\/thumbs\/Sticker-martine-p241tleluk7w3vnbmp31qmpv4pkfisl91wotb7kjxk.png\",\"datePublished\":\"2021-01-28T19:53:56+00:00\",\"dateModified\":\"2024-09-11T17:22:24+00:00\",\"breadcrumb\":{\"@id\":\"http:\/\/www.mdkcf.fr\/WordPress\/?page_id=821#breadcrumb\"},\"inLanguage\":\"fr-FR\",\"potentialAction\":[{\"@type\":\"ReadAction\",\"target\":[\"http:\/\/www.mdkcf.fr\/WordPress\/?page_id=821\"]}]},{\"@type\":\"ImageObject\",\"inLanguage\":\"fr-FR\",\"@id\":\"http:\/\/www.mdkcf.fr\/WordPress\/?page_id=821#primaryimage\",\"url\":\"http:\/\/www.mdkcf.fr\/WordPress\/wp-content\/uploads\/elementor\/thumbs\/Sticker-martine-p241tleluk7w3vnbmp31qmpv4pkfisl91wotb7kjxk.png\",\"contentUrl\":\"http:\/\/www.mdkcf.fr\/WordPress\/wp-content\/uploads\/elementor\/thumbs\/Sticker-martine-p241tleluk7w3vnbmp31qmpv4pkfisl91wotb7kjxk.png\"},{\"@type\":\"BreadcrumbList\",\"@id\":\"http:\/\/www.mdkcf.fr\/WordPress\/?page_id=821#breadcrumb\",\"itemListElement\":[{\"@type\":\"ListItem\",\"position\":1,\"name\":\"Accueil\",\"item\":\"http:\/\/www.mdkcf.fr\/WordPress\"},{\"@type\":\"ListItem\",\"position\":2,\"name\":\"Confiance et Estime de soi\"}]},{\"@type\":\"WebSite\",\"@id\":\"http:\/\/www.mdkcf.fr\/WordPress\/#website\",\"url\":\"http:\/\/www.mdkcf.fr\/WordPress\/\",\"name\":\"MDK Conseil Formation\",\"description\":\"Ne pas se prendre la t\u00eate, mais la partager.\",\"publisher\":{\"@id\":\"http:\/\/www.mdkcf.fr\/WordPress\/#organization\"},\"potentialAction\":[{\"@type\":\"SearchAction\",\"target\":{\"@type\":\"EntryPoint\",\"urlTemplate\":\"http:\/\/www.mdkcf.fr\/WordPress\/?s={search_term_string}\"},\"query-input\":{\"@type\":\"PropertyValueSpecification\",\"valueRequired\":true,\"valueName\":\"search_term_string\"}}],\"inLanguage\":\"fr-FR\"},{\"@type\":\"Organization\",\"@id\":\"http:\/\/www.mdkcf.fr\/WordPress\/#organization\",\"name\":\"MDK Conseil Formation\",\"url\":\"http:\/\/www.mdkcf.fr\/WordPress\/\",\"logo\":{\"@type\":\"ImageObject\",\"inLanguage\":\"fr-FR\",\"@id\":\"http:\/\/www.mdkcf.fr\/WordPress\/#\/schema\/logo\/image\/\",\"url\":\"http:\/\/www.mdkcf.fr\/WordPress\/wp-content\/uploads\/2020\/12\/cropped-logo-martine.png\",\"contentUrl\":\"http:\/\/www.mdkcf.fr\/WordPress\/wp-content\/uploads\/2020\/12\/cropped-logo-martine.png\",\"width\":240,\"height\":240,\"caption\":\"MDK Conseil  Formation\"},\"image\":{\"@id\":\"http:\/\/www.mdkcf.fr\/WordPress\/#\/schema\/logo\/image\/\"}}]}<\/script>\n<!-- \/ Yoast SEO plugin. -->","yoast_head_json":{"title":"Confiance et Estime de soi - MDK Conseil Formation","robots":{"index":"index","follow":"follow","max-snippet":"max-snippet:-1","max-image-preview":"max-image-preview:large","max-video-preview":"max-video-preview:-1"},"canonical":"http:\/\/www.mdkcf.fr\/WordPress\/?page_id=821","og_locale":"fr_FR","og_type":"article","og_title":"Confiance et Estime de soi - MDK Conseil Formation","og_description":"Quel que soit le degr\u00e9 de confiance que vous avez en vous,Il existe des leviers simples pour le faire croitre.Vous avez en vous beaucoup plus de merveilles que vous ne pensez !A commencer par vous-m\u00eame.Venez les explorer et laissez-vous guider sur le chemin de la confiance en soi Renforcer la confiance en soi La confiance [&hellip;]","og_url":"http:\/\/www.mdkcf.fr\/WordPress\/?page_id=821","og_site_name":"MDK Conseil Formation","article_modified_time":"2024-09-11T17:22:24+00:00","og_image":[{"url":"http:\/\/www.mdkcf.fr\/WordPress\/wp-content\/uploads\/elementor\/thumbs\/Sticker-martine-p241tleluk7w3vnbmp31qmpv4pkfisl91wotb7kjxk.png","type":"","width":"","height":""}],"twitter_card":"summary_large_image","twitter_misc":{"Dur\u00e9e de lecture estim\u00e9e":"2 minutes"},"schema":{"@context":"https:\/\/schema.org","@graph":[{"@type":"WebPage","@id":"http:\/\/www.mdkcf.fr\/WordPress\/?page_id=821","url":"http:\/\/www.mdkcf.fr\/WordPress\/?page_id=821","name":"Confiance et Estime de soi - MDK Conseil Formation","isPartOf":{"@id":"http:\/\/www.mdkcf.fr\/WordPress\/#website"},"primaryImageOfPage":{"@id":"http:\/\/www.mdkcf.fr\/WordPress\/?page_id=821#primaryimage"},"image":{"@id":"http:\/\/www.mdkcf.fr\/WordPress\/?page_id=821#primaryimage"},"thumbnailUrl":"http:\/\/www.mdkcf.fr\/WordPress\/wp-content\/uploads\/elementor\/thumbs\/Sticker-martine-p241tleluk7w3vnbmp31qmpv4pkfisl91wotb7kjxk.png","datePublished":"2021-01-28T19:53:56+00:00","dateModified":"2024-09-11T17:22:24+00:00","breadcrumb":{"@id":"http:\/\/www.mdkcf.fr\/WordPress\/?page_id=821#breadcrumb"},"inLanguage":"fr-FR","potentialAction":[{"@type":"ReadAction","target":["http:\/\/www.mdkcf.fr\/WordPress\/?page_id=821"]}]},{"@type":"ImageObject","inLanguage":"fr-FR","@id":"http:\/\/www.mdkcf.fr\/WordPress\/?page_id=821#primaryimage","url":"http:\/\/www.mdkcf.fr\/WordPress\/wp-content\/uploads\/elementor\/thumbs\/Sticker-martine-p241tleluk7w3vnbmp31qmpv4pkfisl91wotb7kjxk.png","contentUrl":"http:\/\/www.mdkcf.fr\/WordPress\/wp-content\/uploads\/elementor\/thumbs\/Sticker-martine-p241tleluk7w3vnbmp31qmpv4pkfisl91wotb7kjxk.png"},{"@type":"BreadcrumbList","@id":"http:\/\/www.mdkcf.fr\/WordPress\/?page_id=821#breadcrumb","itemListElement":[{"@type":"ListItem","position":1,"name":"Accueil","item":"http:\/\/www.mdkcf.fr\/WordPress"},{"@type":"ListItem","position":2,"name":"Confiance et Estime de soi"}]},{"@type":"WebSite","@id":"http:\/\/www.mdkcf.fr\/WordPress\/#website","url":"http:\/\/www.mdkcf.fr\/WordPress\/","name":"MDK Conseil Formation","description":"Ne pas se prendre la t\u00eate, mais la partager.","publisher":{"@id":"http:\/\/www.mdkcf.fr\/WordPress\/#organization"},"potentialAction":[{"@type":"SearchAction","target":{"@type":"EntryPoint","urlTemplate":"http:\/\/www.mdkcf.fr\/WordPress\/?s={search_term_string}"},"query-input":{"@type":"PropertyValueSpecification","valueRequired":true,"valueName":"search_term_string"}}],"inLanguage":"fr-FR"},{"@type":"Organization","@id":"http:\/\/www.mdkcf.fr\/WordPress\/#organization","name":"MDK Conseil Formation","url":"http:\/\/www.mdkcf.fr\/WordPress\/","logo":{"@type":"ImageObject","inLanguage":"fr-FR","@id":"http:\/\/www.mdkcf.fr\/WordPress\/#\/schema\/logo\/image\/","url":"http:\/\/www.mdkcf.fr\/WordPress\/wp-content\/uploads\/2020\/12\/cropped-logo-martine.png","contentUrl":"http:\/\/www.mdkcf.fr\/WordPress\/wp-content\/uploads\/2020\/12\/cropped-logo-martine.png","width":240,"height":240,"caption":"MDK Conseil  Formation"},"image":{"@id":"http:\/\/www.mdkcf.fr\/WordPress\/#\/schema\/logo\/image\/"}}]}},"_links":{"self":[{"href":"http:\/\/www.mdkcf.fr\/WordPress\/index.php?rest_route=\/wp\/v2\/pages\/821","targetHints":{"allow":["GET"]}}],"collection":[{"href":"http:\/\/www.mdkcf.fr\/WordPress\/index.php?rest_route=\/wp\/v2\/pages"}],"about":[{"href":"http:\/\/www.mdkcf.fr\/WordPress\/index.php?rest_route=\/wp\/v2\/types\/page"}],"author":[{"embeddable":true,"href":"http:\/\/www.mdkcf.fr\/WordPress\/index.php?rest_route=\/wp\/v2\/users\/1"}],"replies":[{"embeddable":true,"href":"http:\/\/www.mdkcf.fr\/WordPress\/index.php?rest_route=%2Fwp%2Fv2%2Fcomments&post=821"}],"version-history":[{"count":0,"href":"http:\/\/www.mdkcf.fr\/WordPress\/index.php?rest_route=\/wp\/v2\/pages\/821\/revisions"}],"wp:attachment":[{"href":"http:\/\/www.mdkcf.fr\/WordPress\/index.php?rest_route=%2Fwp%2Fv2%2Fmedia&parent=821"}],"curies":[{"name":"wp","href":"https:\/\/api.w.org\/{rel}","templated":true}]}}